{"id":1143,"date":"2021-12-11T18:29:30","date_gmt":"2021-12-11T18:29:30","guid":{"rendered":"https:\/\/lotuswellness.ca\/?page_id=1143"},"modified":"2021-12-11T18:29:31","modified_gmt":"2021-12-11T18:29:31","slug":"evaluation","status":"publish","type":"page","link":"https:\/\/lotuswellness.ca\/fr\/evaluation\/","title":{"rendered":"\u00c9valuation"},"content":{"rendered":"\r\n\r\n\r\n\r\n\t        \t        \t\t        \t\t<section class=\"main-banner bg-white\" style=\"background-image: url('');\">\r\n        \t\t      \t\t\r\n\t<div class=\"container\">\r\n\t\t<div class=\"row\">\r\n              <div class=\"icon-lang black\">\r\n        <a class=\"wpml-ls-item\" href=\"https:\/\/lotuswellness.ca\">\r\n                en              <\/a>        <\/div>\r\n      \t\t\t        \t<div class=\"col-12 offset-0 col-md-8 offset-md-3\">\r\n      \t\t      \t\t      \t\t\t<div class=\"content-banner\">\r\n      \t\t\r\n\t\t\t\t\t\t\t        \t\t<h1>\u00c9valuation<\/h1>\r\n\t\t      \t\t\r\n\t\t      \t\t\r\n\t\t      \t\t                         <a href=\"https:\/\/bienetrelotus.janeapp.com\" target=\"_blank\" class=\"btn btn-primary\">R\u00e9servez Maintenant<\/a>\r\n\r\n                    \t\t\t\t<\/div>\r\n\t\t\t<\/div>\r\n\t\t<\/div>\r\n\t<\/div>\r\n<\/section>\r\n<!-- main-banner -->\r\n\n\n\n<section class=\"accordion-section\">\n    <div class=\"container\">\n        <div class=\"row\">\n            <div class=\"col-12 col-md-3\">\n                                    <h2 class=\"title\">Nos Services<\/h2>\n                            <\/div>\n            <div class=\"col-12 col-md-9\">\n                                <div class=\"accordion\" id=\"accordion\">\n                                <div class=\"card\">\n                    <div class=\"card-header\" id=\"head-1\">\n                                                    <a href=\"#\" class=\"collapsed\" type=\"button\" data-toggle=\"collapse\" data-target=\"#collapse-1\" aria-expanded=\"true\" aria-controls=\"collapse-1\">\n                                <h2>\u00c9VALUATION NEUROPSYCHOLOGIQUE<\/h2>\n                                <i class=\"icon-plus\"><\/i>\n                            <\/a>\n                                            <\/div>\n                    <div id=\"collapse-1\" class=\"collapse\" aria-labelledby=\"head-1\" data-parent=\"#accordion\">\n                      <div class=\"card-body\">\n                                                      <p><strong>C\u2019est\u00a0quoi, une\u00a0\u00e9valuation neuropsychologique?<\/strong><\/p>\n<p>Le but d\u2019une \u00e9valuation neuropsychologique est d\u2019examiner une vari\u00e9t\u00e9 d\u2019habilet\u00e9s cognitives qui sont n\u00e9cessaires pour accomplir des t\u00e2ches ax\u00e9es sur des objectifs. Ceci peut inclure la vitesse de traitement de l\u2019information, l\u2019attention, la m\u00e9moire, le langage et\u00a0les fonctions ex\u00e9cutives.\u00a0En examinant une s\u00e9rie d\u2019habilet\u00e9s cognitives et en \u00e9valuant les tendances de performance dans diff\u00e9rents domaines cognitifs, un neuropsychologue peut faire des d\u00e9ductions vis-\u00e0-vis le fonctionnement du cerveau. Les tests neuropsychologiques sont une partie importante de l\u2019\u00e9valuation et du traitement d\u2019un traumatisme cr\u00e2nien, de la d\u00e9mence, de conditions neurologiques et de troubles psychiatriques. Les tests neuropsychologiques sont aussi un outil important pour examiner l\u2019effet de mati\u00e8res toxiques et de conditions m\u00e9dicales sur le fonctionnement du cerveau.<\/p>\n<p>Chez Bien-\u00catre Lotus, nous pouvons d\u00e9terminer la pr\u00e9sence\u00a0d\u2019un trouble cognitif l\u00e9ger,\u00a0de d\u00e9mence,\u00a0d\u2019un d\u00e9ficit intellectuel,\u00a0d\u2019un trouble\u00a0d\u2019apprentissage et de d\u00e9ficit d\u2019attention avec ou sans hyperactivit\u00e9. Ces \u00e9valuations vont aider \u00e0 d\u00e9terminer l\u2019effet de la d\u00e9pression\u00a0et de l\u2019anxi\u00e9t\u00e9 sur le fonctionnement du cerveau. Nous pouvons aussi d\u00e9terminer les effets d\u2019un accident c\u00e9r\u00e9brovasculaire (ACV), de la scl\u00e9rose en plaques, et d\u2019autres troubles neurologiques. Par le biais de ces \u00e9valuations, il est aussi possible de d\u00e9terminer la diff\u00e9rence entre le vieillissement normal, un trouble cognitif l\u00e9ger et la d\u00e9mence.<\/p>\n<p>Ces \u00e9valuations peuvent \u00eatre men\u00e9es avec des individus de 18 ans et plus.<\/p>\n                                              <\/div>\n                    <\/div>\n                 <\/div>\n                                <div class=\"card\">\n                    <div class=\"card-header\" id=\"head-2\">\n                                                    <a href=\"#\" class=\"collapsed\" type=\"button\" data-toggle=\"collapse\" data-target=\"#collapse-2\" aria-expanded=\"true\" aria-controls=\"collapse-2\">\n                                <h2>\u00e9valuation psychologique<\/h2>\n                                <i class=\"icon-plus\"><\/i>\n                            <\/a>\n                                            <\/div>\n                    <div id=\"collapse-2\" class=\"collapse\" aria-labelledby=\"head-2\" data-parent=\"#accordion\">\n                      <div class=\"card-body\">\n                                                      <p><strong>C\u2019EST QUOI, UNE \u00c9VALUATION PSYCHOLOGIQUE?<\/strong><\/p>\n<p>Une \u00e9valuation psychologique est un processus de d\u00e9pistage qui utilise une combinaison de techniques pour arriver \u00e0 une hypoth\u00e8se sur une personne et ses comportements, sa personnalit\u00e9, et ses capacit\u00e9s. L\u2019\u00e9valuation psychologique est \u00e9galement appel\u00e9e un test psychologique ou on peut dire faire une batterie de tests psychologiques. Les psychologues sont les seuls professionnels qui sont entra\u00een\u00e9s pour administrer et interpr\u00e9ter des tests psychologiques.<\/p>\n<p>Une \u00e9valuation psychologique ne devrait jamais \u00eatre effectu\u00e9e de fa\u00e7on isol\u00e9e. Un examen m\u00e9dical rajoute \u00e0 l\u2019\u00e9valuation psychologique, car cela aide \u00e0 \u00e9liminer les possibilit\u00e9s qu\u2019il y ait une cause m\u00e9dicale pour les sympt\u00f4mes de l\u2019individu. Il est souvent utile d\u2019obtenir un examen m\u00e9dical avant de commencer l\u2019\u00e9valuation psychologique.<br \/>\nLes psychologues cherchent \u00e0 prendre l\u2019information qu\u2019ils\/elles ont accumul\u00e9e pendant une \u00e9valuation et de la tisser dans une image compl\u00e8te de la personne qui s\u2019est fait \u00e9valuer. Les recommandations sont bas\u00e9es sur les r\u00e9sultats complets de l\u2019\u00e9valuation ainsi que des discussions avec les pairs, la famille, et d\u2019autres gens reli\u00e9s \u00e0 l\u2019individu qui peuvent clarifier leurs comportements dans diff\u00e9rents contextes. Les \u00e9valuations psychologiques ne sont jamais ax\u00e9es sur un seul r\u00e9sultat de test ou un seul chiffre. Chaque personne a une gamme de comp\u00e9tences qui peuvent \u00eatre \u00e9valu\u00e9es par l\u2019entremise de plusieurs m\u00e9thodes.<\/p>\n<p>Chez Bien-\u00catre Lotus, nous pouvons effectuer des \u00e9valuations psychologiques afin de d\u00e9terminer la pr\u00e9sence de troubles de sant\u00e9 mentale (par exemple un trouble d\u00e9pressif majeur ou un trouble anxieux). Ceci peut \u00eatre utile pour d\u00e9terminer vos buts th\u00e9rapeutiques.<\/p>\n<p><strong>\u00c0 QUEL ENDROIT CES \u00c9VALUATIONS SE PASSENT-ELLES?<\/strong><\/p>\n<p>Les \u00e9valuations sont effectu\u00e9es dans nos bureaux au centre-ville de\u00a0Bathurst, Nouveau Brunswick, o\u00f9 nous nous effor\u00e7ons d\u2019offrir une exp\u00e9rience centr\u00e9e sur les clients. Soyez assur\u00e9s que vous \u00eates entre de bonnes mains avec Bien-\u00catre Lotus et que vos informations seront prot\u00e9g\u00e9es de fa\u00e7on s\u00e9curitaire et confidentielle.<\/p>\n                                              <\/div>\n                    <\/div>\n                 <\/div>\n                                <\/div>\n                            <\/div>\n        <\/div>\n    <\/div>\n<\/section>\n<!-- accordion-section -->\n","protected":false},"excerpt":{"rendered":"","protected":false},"author":2,"featured_media":0,"parent":0,"menu_order":0,"comment_status":"closed","ping_status":"closed","template":"","meta":{"_genesis_hide_title":false,"_genesis_hide_breadcrumbs":false,"_genesis_hide_singular_image":false,"_genesis_hide_footer_widgets":false,"_genesis_custom_body_class":"","_genesis_custom_post_class":"","_genesis_layout":""},"yoast_head":"<!-- This site is optimized with the Yoast SEO plugin v15.7 - https:\/\/yoast.com\/wordpress\/plugins\/seo\/ -->\n<title>\u00c9valuation - Lotus Wellness<\/title>\n<meta name=\"robots\" content=\"index, follow, max-snippet:-1, max-image-preview:large, max-video-preview:-1\" \/>\n<link rel=\"canonical\" href=\"https:\/\/lotuswellness.ca\/fr\/evaluation\/\" \/>\n<meta property=\"og:locale\" content=\"fr_FR\" \/>\n<meta property=\"og:type\" content=\"article\" \/>\n<meta property=\"og:title\" content=\"\u00c9valuation - Lotus Wellness\" \/>\n<meta property=\"og:url\" content=\"https:\/\/lotuswellness.ca\/fr\/evaluation\/\" \/>\n<meta property=\"og:site_name\" content=\"Lotus Wellness\" \/>\n<meta property=\"article:modified_time\" content=\"2021-12-11T18:29:31+00:00\" \/>\n<meta name=\"twitter:card\" content=\"summary_large_image\" \/>\n<script type=\"application\/ld+json\" class=\"yoast-schema-graph\">{\"@context\":\"https:\/\/schema.org\",\"@graph\":[{\"@type\":\"WebSite\",\"@id\":\"https:\/\/lotuswellness.ca\/#website\",\"url\":\"https:\/\/lotuswellness.ca\/\",\"name\":\"Lotus Wellness\",\"description\":\"A holistic approach to total wellness of the mind and body\",\"potentialAction\":[{\"@type\":\"SearchAction\",\"target\":\"https:\/\/lotuswellness.ca\/?s={search_term_string}\",\"query-input\":\"required name=search_term_string\"}],\"inLanguage\":\"fr-FR\"},{\"@type\":\"WebPage\",\"@id\":\"https:\/\/lotuswellness.ca\/fr\/evaluation\/#webpage\",\"url\":\"https:\/\/lotuswellness.ca\/fr\/evaluation\/\",\"name\":\"\\u00c9valuation - Lotus Wellness\",\"isPartOf\":{\"@id\":\"https:\/\/lotuswellness.ca\/#website\"},\"datePublished\":\"2021-12-11T18:29:30+00:00\",\"dateModified\":\"2021-12-11T18:29:31+00:00\",\"inLanguage\":\"fr-FR\",\"potentialAction\":[{\"@type\":\"ReadAction\",\"target\":[\"https:\/\/lotuswellness.ca\/fr\/evaluation\/\"]}]}]}<\/script>\n<!-- \/ Yoast SEO plugin. -->","_links":{"self":[{"href":"https:\/\/lotuswellness.ca\/fr\/wp-json\/wp\/v2\/pages\/1143"}],"collection":[{"href":"https:\/\/lotuswellness.ca\/fr\/wp-json\/wp\/v2\/pages"}],"about":[{"href":"https:\/\/lotuswellness.ca\/fr\/wp-json\/wp\/v2\/types\/page"}],"author":[{"embeddable":true,"href":"https:\/\/lotuswellness.ca\/fr\/wp-json\/wp\/v2\/users\/2"}],"replies":[{"embeddable":true,"href":"https:\/\/lotuswellness.ca\/fr\/wp-json\/wp\/v2\/comments?post=1143"}],"version-history":[{"count":2,"href":"https:\/\/lotuswellness.ca\/fr\/wp-json\/wp\/v2\/pages\/1143\/revisions"}],"predecessor-version":[{"id":1146,"href":"https:\/\/lotuswellness.ca\/fr\/wp-json\/wp\/v2\/pages\/1143\/revisions\/1146"}],"wp:attachment":[{"href":"https:\/\/lotuswellness.ca\/fr\/wp-json\/wp\/v2\/media?parent=1143"}],"curies":[{"name":"wp","href":"https:\/\/api.w.org\/{rel}","templated":true}]}}