{"id":552,"date":"2021-01-25T13:44:10","date_gmt":"2021-01-25T13:44:10","guid":{"rendered":"http:\/\/lotuswellness.wpengine.com\/about-us\/"},"modified":"2021-12-06T16:04:44","modified_gmt":"2021-12-06T16:04:44","slug":"a-propos","status":"publish","type":"page","link":"https:\/\/lotuswellness.ca\/fr\/a-propos\/","title":{"rendered":"\u00c0 Propos"},"content":{"rendered":"\r\n\r\n\r\n        \t\t<section class=\"main-banner banner-home\" style=\"background-image: url('https:\/\/lotuswellness.ca\/wp-content\/uploads\/2021\/02\/Group-276@2x.png');\">\r\n\t        \r\n\t<div class=\"container\">\r\n\t\t<div class=\"row\">\r\n              <div class=\"icon-lang white\">\r\n        <a class=\"wpml-ls-item\" href=\"https:\/\/lotuswellness.ca\">\r\n                en              <\/a>        <\/div>\r\n      \t\t\t        \t<div class=\"col-12 offset-0 col-md-8 offset-md-3\">\r\n      \t\t      \t\t      \t\t\t<div class=\"content-banner centred\">\r\n      \t\t\r\n\t\t\t\t\t\t\t        \t\t<h1>\u00c0 Propos de Nous<\/h1>\r\n\t\t      \t\t\r\n\t\t      \t\t\r\n\t\t      \t\t \t\t\t\t<\/div>\r\n\t\t\t<\/div>\r\n\t\t<\/div>\r\n\t<\/div>\r\n<\/section>\r\n<!-- main-banner -->\r\n\n\n\n<section class=\"about-us\">\n    <div class=\"container\">\n         \n                <div class=\"row\">\n            <div class=\"col-12 col-md-3\">\n                                    <h2 class=\"title\">Nous tenons \u00e0 vous<\/h2> \n                            <\/div>\n\n            <div class=\"col-12 col-md-9\">\n                <div class=\"content-help-block\">\n                                    <div class=\"content-help\">Nous vous aidons \u00e0 gu\u00e9rir avec compassion et \u00e9coute.<\/div> \n                \n                                    <div class=\"sub-content-help\"><p style=\"line-height: 22.5pt; margin: 0in 0in 16.5pt 0in;\"><span lang=\"FR-CA\" style=\"font-size: 15.0pt; font-family: Questrial; color: black;\">Bien-\u00catre Lotus offre une vari\u00e9t\u00e9 de services psychologiques dans la r\u00e9gion Chaleur du Nouveau-Brunswick. Notre vision est de promouvoir le bien-\u00eatre individuel de nos clientes\/clients en offrant un environnement sans jugements et s\u00e9curitaire.<\/span><\/p>\n<p><span lang=\"FR-CA\" style=\"font-size: 15.0pt; font-family: Questrial; color: black;\">Situ\u00e9 au centre-ville de Bathurst, nous nous effor\u00e7ons de cr\u00e9er une atmosph\u00e8re invitante, confortable et chaleureuse o\u00f9 les clientes\/clients se sentent \u00e0 l\u2019aise de partager leur probl\u00e8mes, besoins, d\u00e9sirs et r\u00eaves. \u00c0 Bien-\u00catre Lotus, nous croyons que la gu\u00e9rison commence avec la compassion et l\u2019\u00e9coute.<\/span><\/p>\n<\/div> \n                               \n\n                <div class=\"row team-block\">\n                    <div class=\"col-12 col-md-6\">\n                                                     \n                            <img class=\"img-fluid\" src=\"https:\/\/lotuswellness.ca\/wp-content\/uploads\/2021\/12\/Nicole-2-3-1.pdf\" alt=\"\"\/>                        \n                                                   \n                    <\/div>\n                    <div class=\"col-12 col-md-6\">\n                            \n                            <div class=\"sub-content-help\">\u00c9tant psychologue et propri\u00e9taire de Bien-\u00catre Lotus, Nicole est form\u00e9e en approches psychoth\u00e9rapeutiques bas\u00e9es sur les \u00e9vidences et personnalise les plans de traitements selon les besoins et objectifs sp\u00e9cifiques de ses clientes\/ clients. Elle est form\u00e9e en Th\u00e9rapie comportementale-cognitive, EMDR (Th\u00e9rapie de d\u00e9sensibilisation et reprogrammation par les mouvements oculaires), Pleine conscience\/ m\u00e9ditation, ainsi que Th\u00e9rapie par les sch\u00e9mas.<\/div> \n                          \n                    <\/div>\n\n                <\/div>\n\n                                    <a href=\"\/fr\/equipe\/\" target=\"_self\" class=\"btn btn-primary\">RENCONTREZ NICOLE<\/a>\n\n                               <\/div>              \n            <\/div>\n        <\/div>\n                        \n    <\/div>    \n<\/section>\n<!-- about-us -->\n \n<section class=\"about-block-images\">\n    <div class=\"container\">\n         \n                <div class=\"row\">\n            <div class=\"left-image-about\">\n                                             \n                    <img class=\"img-fluid\" src=\"https:\/\/lotuswellness.ca\/wp-content\/uploads\/2021\/02\/cole-patrick-H28ODcp4EUk-unsplash-scaled-e1612279079748.jpg\" alt=\"Water splashing rock on beach\"\/>                        \n                  \n            <\/div>\n\n            <div class=\"right-image-about\">\n                                             \n                    <img class=\"img-fluid\" src=\"https:\/\/lotuswellness.ca\/wp-content\/uploads\/2021\/01\/pexels-nataliya-vaitkevich-5201529.png\" alt=\"\"\/>                        \n                  \n            <\/div>\n        <\/div>\n                    <\/div>\n<\/section>\n<!-- about-block-images -->\n\n","protected":false},"excerpt":{"rendered":"","protected":false},"author":2,"featured_media":674,"parent":0,"menu_order":0,"comment_status":"closed","ping_status":"closed","template":"","meta":{"_genesis_hide_title":false,"_genesis_hide_breadcrumbs":false,"_genesis_hide_singular_image":false,"_genesis_hide_footer_widgets":false,"_genesis_custom_body_class":"","_genesis_custom_post_class":"","_genesis_layout":""},"yoast_head":"<!-- This site is optimized with the Yoast SEO plugin v15.7 - https:\/\/yoast.com\/wordpress\/plugins\/seo\/ -->\n<title>\u00c0 Propos - Lotus Wellness<\/title>\n<meta name=\"robots\" content=\"index, follow, max-snippet:-1, max-image-preview:large, max-video-preview:-1\" \/>\n<link rel=\"canonical\" href=\"https:\/\/lotuswellness.ca\/fr\/a-propos\/\" \/>\n<meta property=\"og:locale\" content=\"fr_FR\" \/>\n<meta property=\"og:type\" content=\"article\" \/>\n<meta property=\"og:title\" content=\"\u00c0 Propos - Lotus Wellness\" \/>\n<meta property=\"og:url\" content=\"https:\/\/lotuswellness.ca\/fr\/a-propos\/\" \/>\n<meta property=\"og:site_name\" content=\"Lotus Wellness\" \/>\n<meta property=\"article:modified_time\" content=\"2021-12-06T16:04:44+00:00\" \/>\n<meta property=\"og:image\" content=\"https:\/\/lotuswellness.ca\/wp-content\/uploads\/2021\/02\/simon-rae-IGOBsR93I7Y-unsplash-scaled-e1612279282810.jpg\" \/>\n\t<meta property=\"og:image:width\" content=\"2560\" \/>\n\t<meta property=\"og:image:height\" content=\"1707\" \/>\n<meta name=\"twitter:card\" content=\"summary_large_image\" \/>\n<script type=\"application\/ld+json\" class=\"yoast-schema-graph\">{\"@context\":\"https:\/\/schema.org\",\"@graph\":[{\"@type\":\"WebSite\",\"@id\":\"https:\/\/lotuswellness.ca\/#website\",\"url\":\"https:\/\/lotuswellness.ca\/\",\"name\":\"Lotus Wellness\",\"description\":\"A holistic approach to total wellness of the mind and body\",\"potentialAction\":[{\"@type\":\"SearchAction\",\"target\":\"https:\/\/lotuswellness.ca\/?s={search_term_string}\",\"query-input\":\"required name=search_term_string\"}],\"inLanguage\":\"fr-FR\"},{\"@type\":\"ImageObject\",\"@id\":\"https:\/\/lotuswellness.ca\/fr\/a-propos\/#primaryimage\",\"inLanguage\":\"fr-FR\",\"url\":\"https:\/\/lotuswellness.ca\/wp-content\/uploads\/2021\/02\/simon-rae-IGOBsR93I7Y-unsplash-scaled-e1612279282810.jpg\",\"width\":2560,\"height\":1707},{\"@type\":\"WebPage\",\"@id\":\"https:\/\/lotuswellness.ca\/fr\/a-propos\/#webpage\",\"url\":\"https:\/\/lotuswellness.ca\/fr\/a-propos\/\",\"name\":\"\\u00c0 Propos - Lotus Wellness\",\"isPartOf\":{\"@id\":\"https:\/\/lotuswellness.ca\/#website\"},\"primaryImageOfPage\":{\"@id\":\"https:\/\/lotuswellness.ca\/fr\/a-propos\/#primaryimage\"},\"datePublished\":\"2021-01-25T13:44:10+00:00\",\"dateModified\":\"2021-12-06T16:04:44+00:00\",\"inLanguage\":\"fr-FR\",\"potentialAction\":[{\"@type\":\"ReadAction\",\"target\":[\"https:\/\/lotuswellness.ca\/fr\/a-propos\/\"]}]}]}<\/script>\n<!-- \/ Yoast SEO plugin. -->","_links":{"self":[{"href":"https:\/\/lotuswellness.ca\/fr\/wp-json\/wp\/v2\/pages\/552"}],"collection":[{"href":"https:\/\/lotuswellness.ca\/fr\/wp-json\/wp\/v2\/pages"}],"about":[{"href":"https:\/\/lotuswellness.ca\/fr\/wp-json\/wp\/v2\/types\/page"}],"author":[{"embeddable":true,"href":"https:\/\/lotuswellness.ca\/fr\/wp-json\/wp\/v2\/users\/2"}],"replies":[{"embeddable":true,"href":"https:\/\/lotuswellness.ca\/fr\/wp-json\/wp\/v2\/comments?post=552"}],"version-history":[{"count":9,"href":"https:\/\/lotuswellness.ca\/fr\/wp-json\/wp\/v2\/pages\/552\/revisions"}],"predecessor-version":[{"id":1195,"href":"https:\/\/lotuswellness.ca\/fr\/wp-json\/wp\/v2\/pages\/552\/revisions\/1195"}],"wp:featuredmedia":[{"embeddable":true,"href":"https:\/\/lotuswellness.ca\/fr\/wp-json\/wp\/v2\/media\/674"}],"wp:attachment":[{"href":"https:\/\/lotuswellness.ca\/fr\/wp-json\/wp\/v2\/media?parent=552"}],"curies":[{"name":"wp","href":"https:\/\/api.w.org\/{rel}","templated":true}]}}