{"id":553,"date":"2021-01-25T13:44:30","date_gmt":"2021-01-25T13:44:30","guid":{"rendered":"http:\/\/lotuswellness.wpengine.com\/our-team\/"},"modified":"2021-12-11T00:08:15","modified_gmt":"2021-12-11T00:08:15","slug":"equipe","status":"publish","type":"page","link":"https:\/\/lotuswellness.ca\/fr\/equipe\/","title":{"rendered":"\u00c9quipe"},"content":{"rendered":"\r\n\r\n\r\n\r\n\t        \t        \t\t<section class=\"main-banner default-bg\" style=\"background-image: url('');\">\r\n        \t\t        \t\t      \t\t\r\n\t<div class=\"container\">\r\n\t\t<div class=\"row\">\r\n              <div class=\"icon-lang black\">\r\n        <a class=\"wpml-ls-item\" href=\"https:\/\/lotuswellness.ca\">\r\n                en              <\/a>        <\/div>\r\n      \t\t\t        \t<div class=\"col-12 offset-0 col-md-8 offset-md-3\">\r\n      \t\t      \t\t      \t\t\t<div class=\"content-banner\">\r\n      \t\t\r\n\t\t\t\t\t\t\t        \t\t<h1>NOTRE \u00c9QUIPE<\/h1>\r\n\t\t      \t\t\r\n\t\t      \t\t\r\n\t\t      \t\t\t       \t\t\t<div class=\"content-main\"><p>La relation entre notre psychologue et ses clientes\/clients est tr\u00e8s importante pour elle. Devenir confortable et partager ses exp\u00e9riences avec une psychologue peut \u00eatre une exp\u00e9rience tr\u00e8s touchante et \u00e9motionnelle. Elle peut vous guider vers le changement et la gu\u00e9rison et peut vous amener une \u00e9coute et compr\u00e9hension approfondie de vos pens\u00e9es et \u00e9motions.<\/p>\n<p>Notre psychologue est fi\u00e8re d\u2019offrir un environnement s\u00e9curitaire, confidentiel et professionnel \u00e0 tous ses clientes\/clients. De sa salle d\u2019attente \u00e0 son bureau, son but est de s\u2019assurer que vous \u00eates confortables.<\/p>\n<\/div>\r\n\t \t\t       \t\t \t\t       \t\r\n\t\t      \t\t                         <a href=\"http:\/\/bienetrelotus.janeapp.com\" target=\"_self\" class=\"btn btn-primary\">R\u00e9servez maintenant<\/a>\r\n\r\n                    \t\t\t\t<\/div>\r\n\t\t\t<\/div>\r\n\t\t<\/div>\r\n\t<\/div>\r\n<\/section>\r\n<!-- main-banner -->\r\n\n\n\n    <section class=\"team-component\">\n        <div class=\"container\">\n\n\n        <div class=\"row collapsed-row\">\n       \n\n            <div class=\"col-12 col-md-4\">\n                \n                                <a href=\"#\" id=\"0\" class='photo-link btn-collaspe'>  \n                    <div class=\"item-photo\">    \n                                       \n                        <img src=\"https:\/\/lotuswellness.ca\/wp-content\/uploads\/2021\/02\/Nicole-360x400.jpg\" title=\"Nicole\" alt=\"\" class=\"img-fluid\" >\n                    <\/div>    \n                <\/a>\n                   \n                <div class=\"item-collapsed\">          \n                    <a href=\"#\" id=\"0\" class=\"btn-collaspe\">                               \n                                                 <h3 class=\"name-collapsed\">Nicole Hachey<\/h3>\n                                           \n                    <\/a>     \n                                            <div class=\"position\">Psychologue et Propri\u00e9taire<\/div>\n                        \n                    <a href=\"#\" id=\"0\" class=\"open-team btn-collaspe\">   \n                        <i class=\"icon-plus\"><\/i>\n                    <\/a>                   \n                <\/div>\n            <\/div>\n\n                    <div class=\"col-12 collapse multi-collapse collapse-content\">                    \n                    \n                        <div class=\"fade\" id=\"elem-0\">   \n                            <div class=\"row\">\n                                <div class=\"col-12 col-md-4 title-team\">\n                                                            \n                                        <p>N\u2019accepte pas des nouveaux client.es<br \/>\nListe d\u2019attente OUVERTE<\/p>\n                                     \n                                <\/div>\n                                <div class=\"col-12 col-md-8 content-team\">\n                                                            \n                                        <p>Native de Bathurst, NB, Nicole Hachey obtient son baccalaur\u00e9at en psychologie en 2000 et sa ma\u00eetrise \u00e8s arts en psychologie en 2005 de l\u2019Universit\u00e9 de Moncton. Au cours de ses \u00e9tudes et par la suite, elle s\u2019est sp\u00e9cialis\u00e9e en neuropsychologie et ceci, par l\u2019entremise d\u2019un stage clinique en neuropsychologie \u00e0 l\u2019H\u00f4pital Broca \u00e0 Paris, France, de sa th\u00e8se de ma\u00eetrise, de recherche, de cours d\u2019\u00e9ducation continue et de travail supervis\u00e9. Elle obtient sa license de psychologue en 2010 apr\u00e8s 5 ans de travail supervis\u00e9.<\/p>\n<p>D\u00e8s le d\u00e9but de sa carri\u00e8re, elle a eu l\u2019occasion de travailler avec plusieurs organismes, incluant un centre de recherche en neurosciences \u00e0 Toronto, ON, un programme national d\u2019aide aux employ\u00e9s \u00e0 Markham, ON, le Centre de sant\u00e9 mentale communautaire de Campbellton et le District scolaire anglophone de Bathurst. Elle a \u00e9galement travaill\u00e9 \u00e0 l\u2019H\u00f4pital r\u00e9gional Chaleur de Bathurst pendant neuf ans. Elle est en pratique priv\u00e9e depuis janvier 2017 et a travaill\u00e9 avec Services \u00e0 la famille Nepisiguit et Services \u00e0 la famille P\u00e9ninsule jusqu\u2019\u00e0 novembre 2017. Elle a ensuite d\u00e9cid\u00e9 d\u2019ouvrir sa propre clinique, Solutions Corps-Esprit. Son but principal \u00e9tait d\u2019apporter \u00e0 la communaut\u00e9 une approche multidisciplinaire et holistique au bien-\u00eatre; en consid\u00e9rant tous les aspects de la personne.<\/p>\n<p>Nicole est pr\u00e9sentement propri\u00e9taire de Bien-\u00catre Lotus qui a ouvert ses portes en f\u00e9vrier 2021. Son approche th\u00e9rapeutique est principalement comportementale-cognitive, incluant la th\u00e9rapie par les sch\u00e9mas, mais \u00e9galement \u00e9clectique. Quelques ann\u00e9es pass\u00e9es, elle a d\u00e9velopp\u00e9 un int\u00e9r\u00eat dans la pleine conscience et la m\u00e9ditation, ainsi que la relation entre le corps et l\u2019esprit, ce qu\u2019elle a int\u00e9gr\u00e9e dans son approche. En novembre 2019, elle a re\u00e7u une formation en EMDR (Eye Movement Desensitization and Reprocessing), ce qu\u2019elle continue \u00e0 am\u00e9liorer en suivant des formations avanc\u00e9es.<\/p>\n                                     \n                                <\/div>\n                            <\/div>                            \n                       <\/div>                    \n                                          \n                <\/div> \n                    <div class=\"col-12 collapse multi-collapse collapse-content\">                    \n                    \n                        <div class=\"fade\" id=\"elem-1\">   \n                            <div class=\"row\">\n                                <div class=\"col-12 col-md-4 title-team\">\n                                     \n                                <\/div>\n                                <div class=\"col-12 col-md-8 content-team\">\n                                     \n                                <\/div>\n                            <\/div>                            \n                       <\/div>                    \n                                          \n                <\/div> \n                    <div class=\"col-12 collapse multi-collapse collapse-content\">                    \n                    \n                        <div class=\"fade\" id=\"elem-2\">   \n                            <div class=\"row\">\n                                <div class=\"col-12 col-md-4 title-team\">\n                                     \n                                <\/div>\n                                <div class=\"col-12 col-md-8 content-team\">\n                                     \n                                <\/div>\n                            <\/div>                            \n                       <\/div>                    \n                                          \n                <\/div> \n                    <div class=\"col-12 collapse multi-collapse collapse-content\">                    \n                    \n                        <div class=\"fade\" id=\"elem-3\">   \n                            <div class=\"row\">\n                                <div class=\"col-12 col-md-4 title-team\">\n                                     \n                                <\/div>\n                                <div class=\"col-12 col-md-8 content-team\">\n                                     \n                                <\/div>\n                            <\/div>                            \n                       <\/div>                    \n                                          \n                <\/div> \n                    <div class=\"col-12 collapse multi-collapse collapse-content\">                    \n                    \n                        <div class=\"fade\" id=\"elem-4\">   \n                            <div class=\"row\">\n                                <div class=\"col-12 col-md-4 title-team\">\n                                     \n                                <\/div>\n                                <div class=\"col-12 col-md-8 content-team\">\n                                     \n                                <\/div>\n                            <\/div>                            \n                       <\/div>                    \n                                          \n                <\/div> \n                    <div class=\"col-12 collapse multi-collapse collapse-content\">                    \n                    \n                        <div class=\"fade\" id=\"elem-5\">   \n                            <div class=\"row\">\n                                <div class=\"col-12 col-md-4 title-team\">\n                                     \n                                <\/div>\n                                <div class=\"col-12 col-md-8 content-team\">\n                                     \n                                <\/div>\n                            <\/div>                            \n                       <\/div>                    \n                                          \n                <\/div> \n          \n           \n                            \n                           \n           \n                <\/div>\n    <\/section>\n<!-- collapsed-component -->\n\n","protected":false},"excerpt":{"rendered":"","protected":false},"author":2,"featured_media":0,"parent":0,"menu_order":0,"comment_status":"closed","ping_status":"closed","template":"","meta":{"_genesis_hide_title":false,"_genesis_hide_breadcrumbs":false,"_genesis_hide_singular_image":false,"_genesis_hide_footer_widgets":false,"_genesis_custom_body_class":"","_genesis_custom_post_class":"","_genesis_layout":""},"yoast_head":"<!-- This site is optimized with the Yoast SEO plugin v15.7 - https:\/\/yoast.com\/wordpress\/plugins\/seo\/ -->\n<title>\u00c9quipe - Lotus Wellness<\/title>\n<meta name=\"robots\" content=\"index, follow, max-snippet:-1, max-image-preview:large, max-video-preview:-1\" \/>\n<link rel=\"canonical\" href=\"https:\/\/lotuswellness.ca\/fr\/equipe\/\" \/>\n<meta property=\"og:locale\" content=\"fr_FR\" \/>\n<meta property=\"og:type\" content=\"article\" \/>\n<meta property=\"og:title\" content=\"\u00c9quipe - Lotus Wellness\" \/>\n<meta property=\"og:url\" content=\"https:\/\/lotuswellness.ca\/fr\/equipe\/\" \/>\n<meta property=\"og:site_name\" content=\"Lotus Wellness\" \/>\n<meta property=\"article:modified_time\" content=\"2021-12-11T00:08:15+00:00\" \/>\n<meta name=\"twitter:card\" content=\"summary_large_image\" \/>\n<script type=\"application\/ld+json\" class=\"yoast-schema-graph\">{\"@context\":\"https:\/\/schema.org\",\"@graph\":[{\"@type\":\"WebSite\",\"@id\":\"https:\/\/lotuswellness.ca\/#website\",\"url\":\"https:\/\/lotuswellness.ca\/\",\"name\":\"Lotus Wellness\",\"description\":\"A holistic approach to total wellness of the mind and body\",\"potentialAction\":[{\"@type\":\"SearchAction\",\"target\":\"https:\/\/lotuswellness.ca\/?s={search_term_string}\",\"query-input\":\"required name=search_term_string\"}],\"inLanguage\":\"fr-FR\"},{\"@type\":\"WebPage\",\"@id\":\"https:\/\/lotuswellness.ca\/fr\/equipe\/#webpage\",\"url\":\"https:\/\/lotuswellness.ca\/fr\/equipe\/\",\"name\":\"\\u00c9quipe - Lotus Wellness\",\"isPartOf\":{\"@id\":\"https:\/\/lotuswellness.ca\/#website\"},\"datePublished\":\"2021-01-25T13:44:30+00:00\",\"dateModified\":\"2021-12-11T00:08:15+00:00\",\"inLanguage\":\"fr-FR\",\"potentialAction\":[{\"@type\":\"ReadAction\",\"target\":[\"https:\/\/lotuswellness.ca\/fr\/equipe\/\"]}]}]}<\/script>\n<!-- \/ Yoast SEO plugin. -->","_links":{"self":[{"href":"https:\/\/lotuswellness.ca\/fr\/wp-json\/wp\/v2\/pages\/553"}],"collection":[{"href":"https:\/\/lotuswellness.ca\/fr\/wp-json\/wp\/v2\/pages"}],"about":[{"href":"https:\/\/lotuswellness.ca\/fr\/wp-json\/wp\/v2\/types\/page"}],"author":[{"embeddable":true,"href":"https:\/\/lotuswellness.ca\/fr\/wp-json\/wp\/v2\/users\/2"}],"replies":[{"embeddable":true,"href":"https:\/\/lotuswellness.ca\/fr\/wp-json\/wp\/v2\/comments?post=553"}],"version-history":[{"count":10,"href":"https:\/\/lotuswellness.ca\/fr\/wp-json\/wp\/v2\/pages\/553\/revisions"}],"predecessor-version":[{"id":1135,"href":"https:\/\/lotuswellness.ca\/fr\/wp-json\/wp\/v2\/pages\/553\/revisions\/1135"}],"wp:attachment":[{"href":"https:\/\/lotuswellness.ca\/fr\/wp-json\/wp\/v2\/media?parent=553"}],"curies":[{"name":"wp","href":"https:\/\/api.w.org\/{rel}","templated":true}]}}