{"id":554,"date":"2021-01-25T13:44:39","date_gmt":"2021-01-25T13:44:39","guid":{"rendered":"http:\/\/lotuswellness.wpengine.com\/services\/"},"modified":"2021-12-11T18:38:03","modified_gmt":"2021-12-11T18:38:03","slug":"services","status":"publish","type":"page","link":"https:\/\/lotuswellness.ca\/fr\/services\/","title":{"rendered":"Nos Services"},"content":{"rendered":"\r\n\r\n\r\n\r\n\t        \t        \t\t<section class=\"main-banner default-bg\" style=\"background-image: url('');\">\r\n        \t\t        \t\t      \t\t\r\n\t<div class=\"container\">\r\n\t\t<div class=\"row\">\r\n              <div class=\"icon-lang black\">\r\n        <a class=\"wpml-ls-item\" href=\"https:\/\/lotuswellness.ca\">\r\n                en              <\/a>        <\/div>\r\n      \t\t\t        \t<div class=\"col-12 offset-0 col-md-8 offset-md-3\">\r\n      \t\t      \t\t      \t\t\t<div class=\"content-banner\">\r\n      \t\t\r\n\t\t\t\t\t\t\t        \t\t<h1>Nos Services<\/h1>\r\n\t\t      \t\t\r\n\t\t      \t\t\r\n\t\t      \t\t\t       \t\t\t<div class=\"content-main\"><div>\n<p>Bien-\u00catre Lotus offre une multitude de services psychologiques afin de promouvoir le bien-\u00eatre individuel. Si vous recherchez des services de th\u00e9rapie ou d\u2019\u00e9valuation, notre psychologue est pr\u00eate \u00e0 vous venir en aide.<\/p>\n<\/div>\n<div>\n<p>Que vous soyez nouveau au monde de la th\u00e9rapie ou de l\u2019\u00e9valuation psychologique, ou encore que vous\u00a0recherchiez \u00e0 continuer vos traitements, ici \u00e0 Bien-\u00catre Lotus nous pouvons vous aider \u00e0 vous \u00e9panouir avec une approche personnalis\u00e9e.<\/p>\n<\/div>\n<\/div>\r\n\t \t\t       \t\t \t\t       \t\r\n\t\t      \t\t                         <a href=\"http:\/\/bienetrelotus.janeapp.com\" target=\"_blank\" class=\"btn btn-primary\">R\u00e9servez Maintenant<\/a>\r\n\r\n                    \t\t\t\t<\/div>\r\n\t\t\t<\/div>\r\n\t\t<\/div>\r\n\t<\/div>\r\n<\/section>\r\n<!-- main-banner -->\r\n\n\n\n    <section class=\"services-list\">\n        <div class=\"container\">\n        \n            <div class=\"row\">\n                                 \n                <div class=\"col-12 col-md-6 item-photo-content-block\" style=\"background-image: url('https:\/\/lotuswellness.ca\/wp-content\/uploads\/2021\/01\/pexels-tima-miroshnichenko-5336985.png');\">\n                <\/div>  \n              \n                <div class=\"col-12 col-md-6\">\n                    <div class=\"item-content-block\">\n                                                <h2>Th\u00e9rapie<\/h2>\n                                                                        <h3>Th\u00e9rapie individuelle<\/h3>\n<h3>Th\u00e9rapie de couple<\/h3>\n<h3><\/h3>\n                        \n                                                    <a href=\"\/fr\/therapie\/\" target=\"_self\" class=\"btn btn-primary\">En savoir plus<\/a>\n                                            <\/div>\n                <\/div>\n            <\/div>\n        \n            <div class=\"row\">\n                                 \n                <div class=\"col-12 col-md-6 item-photo-content-block\" style=\"background-image: url('https:\/\/lotuswellness.ca\/wp-content\/uploads\/2021\/12\/nguyen-dang-hoang-nhu-FrzGKG2Yvpw-unsplash-scaled.jpg');\">\n                <\/div>  \n              \n                <div class=\"col-12 col-md-6\">\n                    <div class=\"item-content-block\">\n                                                <h2>\u00c9valuations<\/h2>\n                                                                        <h3>\u00c9valuation Neuropsychologique<\/h3>\n<h3>\u00c9valuation Psychologique<\/h3>\n<p>&nbsp;<\/p>\n                        \n                                                    <a href=\"https:\/\/lotuswellness.ca\/fr\/evaluation\/\" target=\"_self\" class=\"btn btn-primary\">En savoir plus<\/a>\n                                            <\/div>\n                <\/div>\n            <\/div>\n                <\/div>\n    <\/section>\n<!-- content-block-component -->\n\n\n\n<p><\/p>\n","protected":false},"excerpt":{"rendered":"","protected":false},"author":2,"featured_media":0,"parent":0,"menu_order":0,"comment_status":"closed","ping_status":"closed","template":"","meta":{"_genesis_hide_title":false,"_genesis_hide_breadcrumbs":false,"_genesis_hide_singular_image":false,"_genesis_hide_footer_widgets":false,"_genesis_custom_body_class":"","_genesis_custom_post_class":"","_genesis_layout":""},"yoast_head":"<!-- This site is optimized with the Yoast SEO plugin v15.7 - https:\/\/yoast.com\/wordpress\/plugins\/seo\/ -->\n<title>Nos Services - Lotus Wellness<\/title>\n<meta name=\"robots\" content=\"index, follow, max-snippet:-1, max-image-preview:large, max-video-preview:-1\" \/>\n<link rel=\"canonical\" href=\"https:\/\/lotuswellness.ca\/fr\/services\/\" \/>\n<meta property=\"og:locale\" content=\"fr_FR\" \/>\n<meta property=\"og:type\" content=\"article\" \/>\n<meta property=\"og:title\" content=\"Nos Services - Lotus Wellness\" \/>\n<meta property=\"og:url\" content=\"https:\/\/lotuswellness.ca\/fr\/services\/\" \/>\n<meta property=\"og:site_name\" content=\"Lotus Wellness\" \/>\n<meta property=\"article:modified_time\" content=\"2021-12-11T18:38:03+00:00\" \/>\n<meta name=\"twitter:card\" content=\"summary_large_image\" \/>\n<script type=\"application\/ld+json\" class=\"yoast-schema-graph\">{\"@context\":\"https:\/\/schema.org\",\"@graph\":[{\"@type\":\"WebSite\",\"@id\":\"https:\/\/lotuswellness.ca\/#website\",\"url\":\"https:\/\/lotuswellness.ca\/\",\"name\":\"Lotus Wellness\",\"description\":\"A holistic approach to total wellness of the mind and body\",\"potentialAction\":[{\"@type\":\"SearchAction\",\"target\":\"https:\/\/lotuswellness.ca\/?s={search_term_string}\",\"query-input\":\"required name=search_term_string\"}],\"inLanguage\":\"fr-FR\"},{\"@type\":\"WebPage\",\"@id\":\"https:\/\/lotuswellness.ca\/fr\/services\/#webpage\",\"url\":\"https:\/\/lotuswellness.ca\/fr\/services\/\",\"name\":\"Nos Services - Lotus Wellness\",\"isPartOf\":{\"@id\":\"https:\/\/lotuswellness.ca\/#website\"},\"datePublished\":\"2021-01-25T13:44:39+00:00\",\"dateModified\":\"2021-12-11T18:38:03+00:00\",\"inLanguage\":\"fr-FR\",\"potentialAction\":[{\"@type\":\"ReadAction\",\"target\":[\"https:\/\/lotuswellness.ca\/fr\/services\/\"]}]}]}<\/script>\n<!-- \/ Yoast SEO plugin. -->","_links":{"self":[{"href":"https:\/\/lotuswellness.ca\/fr\/wp-json\/wp\/v2\/pages\/554"}],"collection":[{"href":"https:\/\/lotuswellness.ca\/fr\/wp-json\/wp\/v2\/pages"}],"about":[{"href":"https:\/\/lotuswellness.ca\/fr\/wp-json\/wp\/v2\/types\/page"}],"author":[{"embeddable":true,"href":"https:\/\/lotuswellness.ca\/fr\/wp-json\/wp\/v2\/users\/2"}],"replies":[{"embeddable":true,"href":"https:\/\/lotuswellness.ca\/fr\/wp-json\/wp\/v2\/comments?post=554"}],"version-history":[{"count":29,"href":"https:\/\/lotuswellness.ca\/fr\/wp-json\/wp\/v2\/pages\/554\/revisions"}],"predecessor-version":[{"id":1162,"href":"https:\/\/lotuswellness.ca\/fr\/wp-json\/wp\/v2\/pages\/554\/revisions\/1162"}],"wp:attachment":[{"href":"https:\/\/lotuswellness.ca\/fr\/wp-json\/wp\/v2\/media?parent=554"}],"curies":[{"name":"wp","href":"https:\/\/api.w.org\/{rel}","templated":true}]}}