{"id":555,"date":"2021-01-25T13:44:47","date_gmt":"2021-01-25T13:44:47","guid":{"rendered":"http:\/\/lotuswellness.wpengine.com\/blog\/"},"modified":"2021-12-22T00:22:20","modified_gmt":"2021-12-22T00:22:20","slug":"chroniques","status":"publish","type":"page","link":"https:\/\/lotuswellness.ca\/fr\/chroniques\/","title":{"rendered":"Chroniques"},"content":{"rendered":"\r\n\r\n\r\n\r\n\t        \t        \t\t<section class=\"main-banner default-bg\" style=\"background-image: url('');\">\r\n        \t\t        \t\t      \t\t\r\n\t<div class=\"container\">\r\n\t\t<div class=\"row\">\r\n              <div class=\"icon-lang black\">\r\n        <a class=\"wpml-ls-item\" href=\"https:\/\/lotuswellness.ca\">\r\n                en              <\/a>        <\/div>\r\n      \t\t\t        \t<div class=\"col-12 offset-0 col-md-8 offset-md-3\">\r\n      \t\t      \t\t      \t\t\t<div class=\"content-banner\">\r\n      \t\t\r\n\t\t\t\t\t\t\t        \t\t<h1>Chroniques<\/h1>\r\n\t\t      \t\t\r\n\t\t      \t\t\r\n\t\t      \t\t\t       \t\t\t<div class=\"content-main\"><p>Bien-\u00catre Lotus esp\u00e8re vous pr\u00e9senter des articles int\u00e9ressants et des anecdotes reli\u00e9es \u00e0 la th\u00e9rapie, la pleine conscience et la promotion de solutions holistiques. Lorsque vous \u00eates pr\u00eats\/pr\u00eates, n\u2019h\u00e9sitez pas \u00e0 tendre la main vers une psychologue en nous contactant.<\/p>\n<\/div>\r\n\t \t\t       \t\t \t\t       \t\r\n\t\t      \t\t                         <a href=\"https:\/\/bienetrelotus.janeapp.com\" target=\"_self\" class=\"btn btn-primary\">R\u00e9servez maintenant<\/a>\r\n\r\n                    \t\t\t\t<\/div>\r\n\t\t\t<\/div>\r\n\t\t<\/div>\r\n\t<\/div>\r\n<\/section>\r\n<!-- main-banner -->\r\n\n\n\n<!-- blog -->\n<section class=\"blog-section\">\n    <div class=\"container\">\n\n        <form class=\"search\" id=\"search\">\n            <label>Filtre:<\/label>\n            <input type=\"text\" placeholder=\"\u00c9crivez et cliquez sur Entr\u00e9e\"><\/input>\n        <\/form>\n\n        <div id=\"blog-content\">\n                    <div class=\"row\">\n        \n<article id=\"post-610\" class=\"col-12 col-md-3 animate fadeIn post-610 post type-post status-publish format-standard has-post-thumbnail category-non-classifiee entry\">\n    <div class=\"photo-blog\">\n        <a href=\"https:\/\/lotuswellness.ca\/fr\/exercise\/\">\n                    <img src=\"https:\/\/lotuswellness.ca\/wp-content\/uploads\/2021\/01\/free4-to-use-sounds-YyqOW5ovgjA-unsplash-250x170.png\" alt=\"\" class=\"img-fluid\">\n                <\/a>\n    <\/div>\n\n    <div class=\"description-blog\">                          \n      \n        <div class=\"date\">Jan 28, 2020<\/div>\n        <a href=\"https:\/\/lotuswellness.ca\/fr\/exercise\/\" class=\"blog-title\">\n            <h3>                                \n                L\u2019exercice            <\/h3>\n        <\/a>\n\n        <p>            \n            Salut \u00e0 tous ! Ici Nicole, propri\u00e9taire de Bien-\u00catre Lotus. Cet article porte sur l\u2019exercice. Ceci est un sujet qui me passionne, non seulement en raison de sa &#8230;        <\/p>\n\n    <\/div>  \n\n\t\n<\/article><!-- article -->\n\n<article id=\"post-628\" class=\"col-12 col-md-3 animate fadeIn post-628 post type-post status-publish format-standard has-post-thumbnail category-non-classifiee entry\">\n    <div class=\"photo-blog\">\n        <a href=\"https:\/\/lotuswellness.ca\/fr\/lorganisation-avec-pleine-conscience\/\">\n                    <img src=\"https:\/\/lotuswellness.ca\/wp-content\/uploads\/2021\/01\/close-up-data-flatlay-1018133-1280x800-1-250x170.png\" alt=\"\" class=\"img-fluid\">\n                <\/a>\n    <\/div>\n\n    <div class=\"description-blog\">                          \n      \n        <div class=\"date\">Oct 15, 2019<\/div>\n        <a href=\"https:\/\/lotuswellness.ca\/fr\/lorganisation-avec-pleine-conscience\/\" class=\"blog-title\">\n            <h3>                                \n                L\u2019organisation avec pleine conscience            <\/h3>\n        <\/a>\n\n        <p>            \n            Bonjour tout le monde! C\u2019est tellement bon d\u2019avoir la chance de pouvoir connecter avec vous ici sur notre site d\u2019articles. Au cas o\u00f9 je n\u2019ai pas eu le &#8230;        <\/p>\n\n    <\/div>  \n\n\t\n<\/article><!-- article -->\n\n<article id=\"post-625\" class=\"col-12 col-md-3 animate fadeIn post-625 post type-post status-publish format-standard has-post-thumbnail category-non-classifiee entry\">\n    <div class=\"photo-blog\">\n        <a href=\"https:\/\/lotuswellness.ca\/fr\/le-sommeil\/\">\n                    <img src=\"https:\/\/lotuswellness.ca\/wp-content\/uploads\/2021\/01\/adult-attractive-beautiful-371109-1-1280x800-1-250x170.png\" alt=\"\" class=\"img-fluid\">\n                <\/a>\n    <\/div>\n\n    <div class=\"description-blog\">                          \n      \n        <div class=\"date\">Avr 4, 2019<\/div>\n        <a href=\"https:\/\/lotuswellness.ca\/fr\/le-sommeil\/\" class=\"blog-title\">\n            <h3>                                \n                Le sommeil            <\/h3>\n        <\/a>\n\n        <p>            \n            Dormir peut \u00eatre un obstacle difficile \u00e0 surmonter pendant notre chemin vers une vie plus en sant\u00e9. Ici Val\u00e9rie, travailleuse sociale. La chronique d\u2019aujourd\u2019hui explorera le sommeil ainsi &#8230;        <\/p>\n\n    <\/div>  \n\n\t\n<\/article><!-- article -->\n\n<article id=\"post-623\" class=\"col-12 col-md-3 animate fadeIn post-623 post type-post status-publish format-standard has-post-thumbnail category-non-classifiee entry\">\n    <div class=\"photo-blog\">\n        <a href=\"https:\/\/lotuswellness.ca\/fr\/meditation\/\">\n                    <img src=\"https:\/\/lotuswellness.ca\/wp-content\/uploads\/2021\/01\/pexels-elly-fairytale-3822621-250x170.png\" alt=\"\" class=\"img-fluid\">\n                <\/a>\n    <\/div>\n\n    <div class=\"description-blog\">                          \n      \n        <div class=\"date\">D\u00e9c 10, 2018<\/div>\n        <a href=\"https:\/\/lotuswellness.ca\/fr\/meditation\/\" class=\"blog-title\">\n            <h3>                                \n                La m\u00e9ditation            <\/h3>\n        <\/a>\n\n        <p>            \n            Bonjour! Mon nom est Nicole et je suis psychologue et propri\u00e9taire de Bien-\u00catre Lotus. L\u2019article d\u2019aujourd\u2019hui porte sur la m\u00e9ditation et comment celle-ci peut vous aider \u00e0 composer &#8230;        <\/p>\n\n    <\/div>  \n\n\t\n<\/article><!-- article -->\n\n<article id=\"post-620\" class=\"col-12 col-md-3 animate fadeIn post-620 post type-post status-publish format-standard has-post-thumbnail category-non-classifiee entry\">\n    <div class=\"photo-blog\">\n        <a href=\"https:\/\/lotuswellness.ca\/fr\/taking-care-of-ourselves-putting-ourselves-first\/\">\n                    <img src=\"https:\/\/lotuswellness.ca\/wp-content\/uploads\/2021\/01\/adult-beautiful-face-774866-1280x800-1-250x170.png\" alt=\"\" class=\"img-fluid\">\n                <\/a>\n    <\/div>\n\n    <div class=\"description-blog\">                          \n      \n        <div class=\"date\">D\u00e9c 10, 2018<\/div>\n        <a href=\"https:\/\/lotuswellness.ca\/fr\/taking-care-of-ourselves-putting-ourselves-first\/\" class=\"blog-title\">\n            <h3>                                \n                Prendre soin de soi: Se donner la priorit\u00e9            <\/h3>\n        <\/a>\n\n        <p>            \n            Est-ce que j\u2019ai pris quelques minutes aujourd\u2019hui pour bien respirer profond\u00e9ment? Est-ce que j\u2019ai eu l\u2019occasion de laisser libre cours \u00e0 ma cr\u00e9ativit\u00e9? Est-ce que j\u2019ai rit de &#8230;        <\/p>\n\n    <\/div>  \n\n\t\n<\/article><!-- article -->\n\n<article id=\"post-613\" class=\"col-12 col-md-3 animate fadeIn post-613 post type-post status-publish format-standard has-post-thumbnail category-non-classifiee entry\">\n    <div class=\"photo-blog\">\n        <a href=\"https:\/\/lotuswellness.ca\/fr\/la-detente-en-cas-de-crise-un-outil-pour-vous-ramener-au-present-5-4-3-2-1\/\">\n                    <img src=\"https:\/\/lotuswellness.ca\/wp-content\/uploads\/2021\/01\/simon-migaj-Yui5vfKHuzs-unsplash-250x170.png\" alt=\"\" class=\"img-fluid\">\n                <\/a>\n    <\/div>\n\n    <div class=\"description-blog\">                          \n      \n        <div class=\"date\">D\u00e9c 10, 2018<\/div>\n        <a href=\"https:\/\/lotuswellness.ca\/fr\/la-detente-en-cas-de-crise-un-outil-pour-vous-ramener-au-present-5-4-3-2-1\/\" class=\"blog-title\">\n            <h3>                                \n                La d\u00e9tente en cas de crise: Un outil pour vous ramener au pr\u00e9sent (5-4-3-2-1)            <\/h3>\n        <\/a>\n\n        <p>            \n            Une technique de d\u00e9tente en cas de crise est un outil qui vous aide \u00e0 rester dans le pr\u00e9sent. Je m\u2019appelle Val\u00e9rie et je suis travailleuse sociale. L\u2019article &#8230;        <\/p>\n\n    <\/div>  \n\n\t\n<\/article><!-- article -->\n        <\/div>\n                        <\/div>\n\n    <\/div>\n<\/section><!-- blog -->\n","protected":false},"excerpt":{"rendered":"","protected":false},"author":2,"featured_media":0,"parent":0,"menu_order":0,"comment_status":"closed","ping_status":"closed","template":"","meta":{"_genesis_hide_title":false,"_genesis_hide_breadcrumbs":false,"_genesis_hide_singular_image":false,"_genesis_hide_footer_widgets":false,"_genesis_custom_body_class":"","_genesis_custom_post_class":"","_genesis_layout":""},"yoast_head":"<!-- This site is optimized with the Yoast SEO plugin v15.7 - https:\/\/yoast.com\/wordpress\/plugins\/seo\/ -->\n<title>Chroniques - Lotus Wellness<\/title>\n<meta name=\"robots\" content=\"index, follow, max-snippet:-1, max-image-preview:large, max-video-preview:-1\" \/>\n<link rel=\"canonical\" href=\"https:\/\/lotuswellness.ca\/fr\/chroniques\/\" \/>\n<meta property=\"og:locale\" content=\"fr_FR\" \/>\n<meta property=\"og:type\" content=\"article\" \/>\n<meta property=\"og:title\" content=\"Chroniques - Lotus Wellness\" \/>\n<meta property=\"og:url\" content=\"https:\/\/lotuswellness.ca\/fr\/chroniques\/\" \/>\n<meta property=\"og:site_name\" content=\"Lotus Wellness\" \/>\n<meta property=\"article:modified_time\" content=\"2021-12-22T00:22:20+00:00\" \/>\n<meta name=\"twitter:card\" content=\"summary_large_image\" \/>\n<script type=\"application\/ld+json\" class=\"yoast-schema-graph\">{\"@context\":\"https:\/\/schema.org\",\"@graph\":[{\"@type\":\"WebSite\",\"@id\":\"https:\/\/lotuswellness.ca\/#website\",\"url\":\"https:\/\/lotuswellness.ca\/\",\"name\":\"Lotus Wellness\",\"description\":\"A holistic approach to total wellness of the mind and body\",\"potentialAction\":[{\"@type\":\"SearchAction\",\"target\":\"https:\/\/lotuswellness.ca\/?s={search_term_string}\",\"query-input\":\"required name=search_term_string\"}],\"inLanguage\":\"fr-FR\"},{\"@type\":\"WebPage\",\"@id\":\"https:\/\/lotuswellness.ca\/fr\/chroniques\/#webpage\",\"url\":\"https:\/\/lotuswellness.ca\/fr\/chroniques\/\",\"name\":\"Chroniques - Lotus Wellness\",\"isPartOf\":{\"@id\":\"https:\/\/lotuswellness.ca\/#website\"},\"datePublished\":\"2021-01-25T13:44:47+00:00\",\"dateModified\":\"2021-12-22T00:22:20+00:00\",\"inLanguage\":\"fr-FR\",\"potentialAction\":[{\"@type\":\"ReadAction\",\"target\":[\"https:\/\/lotuswellness.ca\/fr\/chroniques\/\"]}]}]}<\/script>\n<!-- \/ Yoast SEO plugin. -->","_links":{"self":[{"href":"https:\/\/lotuswellness.ca\/fr\/wp-json\/wp\/v2\/pages\/555"}],"collection":[{"href":"https:\/\/lotuswellness.ca\/fr\/wp-json\/wp\/v2\/pages"}],"about":[{"href":"https:\/\/lotuswellness.ca\/fr\/wp-json\/wp\/v2\/types\/page"}],"author":[{"embeddable":true,"href":"https:\/\/lotuswellness.ca\/fr\/wp-json\/wp\/v2\/users\/2"}],"replies":[{"embeddable":true,"href":"https:\/\/lotuswellness.ca\/fr\/wp-json\/wp\/v2\/comments?post=555"}],"version-history":[{"count":9,"href":"https:\/\/lotuswellness.ca\/fr\/wp-json\/wp\/v2\/pages\/555\/revisions"}],"predecessor-version":[{"id":1168,"href":"https:\/\/lotuswellness.ca\/fr\/wp-json\/wp\/v2\/pages\/555\/revisions\/1168"}],"wp:attachment":[{"href":"https:\/\/lotuswellness.ca\/fr\/wp-json\/wp\/v2\/media?parent=555"}],"curies":[{"name":"wp","href":"https:\/\/api.w.org\/{rel}","templated":true}]}}