{"id":573,"date":"2021-01-25T13:44:00","date_gmt":"2021-01-25T13:44:00","guid":{"rendered":"http:\/\/lotuswellness.wpengine.com\/home\/"},"modified":"2021-12-11T18:34:22","modified_gmt":"2021-12-11T18:34:22","slug":"home","status":"publish","type":"page","link":"https:\/\/lotuswellness.ca\/fr\/","title":{"rendered":"Accueil"},"content":{"rendered":"\r\n\r\n\r\n        \t\t<section class=\"main-banner banner-home\" style=\"background-image: url('https:\/\/lotuswellness.ca\/wp-content\/uploads\/2021\/01\/drew-graham-cTKGZJTMJQU-unsplash-1.png');\">\r\n\t        \r\n\t<div class=\"container\">\r\n\t\t<div class=\"row\">\r\n              <div class=\"icon-lang white\">\r\n        <a class=\"wpml-ls-item\" href=\"https:\/\/lotuswellness.ca\">\r\n                en              <\/a>        <\/div>\r\n      \t\t\t        \t\t<div class=\"col-12 offset-0 col-md-5 offset-md-3\">\r\n\t              \t\t      \t\t\t<div class=\"content-banner\">\r\n      \t\t\r\n\t\t\t\t\t\t\t        \t\t<h1>Trouver<br> Votre<br> Bien-\u00catre<\/h1>\r\n\t\t      \t\t\r\n\t\t      \t\t\r\n\t\t      \t\t        \t\t\t<div class=\"content-main\">R\u00e9conforter, encourager et supporter avec une APPROCHE PERSONNALIS\u00c9E!<\/div>\r\n\t       \t\t\t\t \t\t       \t\r\n\t\t      \t\t                         <a href=\"https:\/\/bienetrelotus.janeapp.com\/#\/list\" target=\"_blank\" class=\"btn btn-primary\">R\u00e9servez Maintenant<\/a>\r\n\r\n                    \t\t\t\t<\/div>\r\n\t\t\t<\/div>\r\n\t\t<\/div>\r\n\t<\/div>\r\n<\/section>\r\n<!-- main-banner -->\r\n\n\n\r\n<section class=\"help-section\">\r\n\t<div class=\"container\">\r\n\t\t<div class=\"row\">\r\n\t\t\t<div class=\"col-12 col-md-3\">\r\n\t\t\t\t\t        \t\t<h2 class=\"title\">Nous sommes l\u00e0<br> pour vous aider<\/h2> \r\n\t      \t\t\t\t\t<\/div>\r\n\r\n\t\t\t<div class=\"col-12 col-md-9\">\r\n\t\t\t\t<div class=\"content-help-block\">\r\n\t\t\t\t\t        \t\t<div class=\"content-help\">Bien-\u00eatre Lotus est une clinique de psychologie avec une expertise qui nous permet d\u2019aider nos clientes\/ clients \u00e0 surmonter leurs d\u00e9fis de fa\u00e7on confidentielle et s\u00e9curitaire \u00e0 travers diff\u00e9rents probl\u00e8mes.<\/div> \r\n\t      \t\t\r\n\t      \t\t\t        \t\t<div class=\"sub-content-help\">Nous sommes passionn\u00e9es par notre profession, et nous sommes motiv\u00e9es et d\u00e9vou\u00e9es \u00e0 vous venir en aide.<\/div> \r\n\t      \t\t\r\n\t      \t\t\t        \t\t<a href=\"\/fr\/a-propos\/\" class=\"learn-more\">En Savoir Plus<\/a> \r\n\t      \t\t\t      \t\t<div class=\"bg-image\" style=\"background: url('https:\/\/lotuswellness.ca\/wp-content\/themes\/genesis-sample\/images\/bg-img.svg') bottom center no-repeat;\"><\/div>\r\n\t\t\t\t<\/div>\t\t\t\t\r\n\t\t\t<\/div>\r\n\t\t<\/div>\r\n\t<\/div>\t\r\n<\/section>\r\n<!-- help-section -->\n\n\r\n<section class=\"service\">\r\n\t<div class=\"container\">\r\n\t\t<div class=\"row\">\r\n\t\t\t<div class=\"col-12 col-md-3\">\r\n\t\t\t\t\t        \t\t<h2 class=\"title\">Nos services<\/h2> \r\n\t      \t\t\t\t\t<\/div>\r\n\r\n\t\t\t<div class=\"col-12\">\r\n\t\t\t\t \r\n\t\t\t        <ul class=\"list-service\">\t\t\t          \r\n\t\t\t          \t\t\t\t          \t\t\r\n\t\t\t\t            <li>\t\t\r\n\t\t\t\t            \t\t\r\n\t\t\t\t            \t<a href=\"\/fr\/therapie\">\r\n\t\t\t\t            \t<div class=\"photo-block\">\t\r\n\t\t\t\t                \t<img class=\"img-fluid\" src=\"https:\/\/lotuswellness.ca\/wp-content\/uploads\/2021\/01\/Path-93.svg\" alt=\"\"\/>\r\n\t\t\t\t                <\/div>\t\r\n\t\t\t\t            \t<\/a>\r\n\t\t\t\t                   \r\n\t\t\t\t                \t\r\n\t\t\t                \t<a href=\"\/fr\/therapie\">\r\n\t\t\t\t                <h3>TH\u00c9RAPIE<\/h3>\r\n\t\t\t\t           \t\t<\/a>\r\n\t\t\t\t                  \r\n\t\t\t\t            <\/li>\r\n\t\t\t\t          \r\n\t\t\t       \t\t\t\t\t          \t\t\r\n\t\t\t\t            <li>\t\t\r\n\t\t\t\t            \t\t\r\n\t\t\t\t            \t<a href=\"\/fr\/evaluations\">\r\n\t\t\t\t            \t<div class=\"photo-block\">\t\r\n\t\t\t\t                \t<img class=\"img-fluid\" src=\"https:\/\/lotuswellness.ca\/wp-content\/uploads\/2021\/11\/assesments.svg\" alt=\"\"\/>\r\n\t\t\t\t                <\/div>\t\r\n\t\t\t\t            \t<\/a>\r\n\t\t\t\t                   \r\n\t\t\t\t                \t\r\n\t\t\t                \t<a href=\"\/fr\/evaluations\">\r\n\t\t\t\t                <h3>\u00c9VALUATIONS<\/h3>\r\n\t\t\t\t           \t\t<\/a>\r\n\t\t\t\t                  \r\n\t\t\t\t            <\/li>\r\n\t\t\t\t          \r\n\t\t\t       \t\t \r\n\t\t\t        <\/ul>\r\n\t\t\t         \r\n\r\n\t\t       \t\t       \t\t<div class=\"text-center\">\r\n\t        \t\t\t<a href=\"\/fr\/services\" class=\"btn btn-primary\">Voir Tous Les Services<\/a> \r\n\t        \t\t<\/div>\r\n\t      \t\t\t\t\t<\/div>\r\n\t\t<\/div>\r\n\t<\/div>\t\r\n<\/section>\r\n<!-- service -->\r\n\r\n\r\n\n\n\r\n\r\n<section class=\"slide-main\">\r\n\t<div class=\"bg-blog\">\r\n\t\t<div class=\"container\">\r\n\t\t\t<div class=\"row\">\r\n\t\t\t\t<div class=\"col-12 col-md-2\">\r\n\t\t\t\t\t\t\t        \t\t<h2 class=\"title\">Nos Chroniques<\/h2> \r\n\t\t      \t\t\t\t\t\t<\/div>\t\r\n\t\t\t<\/div>\t\t\t\r\n\t\t<\/div>\t\t\t\r\n\t<\/div>\t\r\n<\/section>\r\n<!-- slide-main -->\r\n\r\n<section class=\"slide-section \">\r\n\t<div class=\"block-slide\">\r\n\t<div class=\"container\">\r\n\t\t\r\n\t\t<div class=\"owl-slider\">\r\n\t\t\t\t\t        \r\n\t\t\t        \t\t\t\t<div class=\"slide\">\r\n\t\t\t\t    <div class=\"photo-blog\">\r\n\t\t\t\t        <a href=\"https:\/\/lotuswellness.ca\/fr\/exercise\/\">\r\n\t\t\t\t        \t\t\t\t            <img src=\"https:\/\/lotuswellness.ca\/wp-content\/uploads\/2021\/01\/free4-to-use-sounds-YyqOW5ovgjA-unsplash-250x170.png\" alt=\"\" class=\"img-fluid\">\r\n\t\t\t\t        \t\t\t\t        <\/a>\r\n\t\t\t\t    <\/div>\r\n\r\n\t\t\t\t    <div class=\"description-blog\">                          \r\n\t\t\t\t      \r\n\t\t\t\t        <div class=\"date\">Jan 28, 2020<\/div>\r\n\t\t\t\t        <a href=\"https:\/\/lotuswellness.ca\/fr\/exercise\/\" class=\"blog-title\">\r\n\t\t\t\t            <h3>                                \r\n\t\t\t\t                L\u2019exercice\t\t\t\t            <\/h3>\r\n\t\t\t\t        <\/a>\r\n\r\n\t\t\t\t        <p>            \r\n\t\t\t\t            Salut \u00e0 tous ! Ici Nicole, propri\u00e9taire de Bien-\u00catre Lotus. Cet article porte sur l\u2019exercice. Ceci est un sujet qui me passionne, non seulement en raison de sa &#8230;\t\t\t\t        <\/p>\r\n\t\t\t\t    <\/div>  \r\n\t\t\t\t<\/div>\r\n\t\t\t    \t\t\t\t<div class=\"slide\">\r\n\t\t\t\t    <div class=\"photo-blog\">\r\n\t\t\t\t        <a href=\"https:\/\/lotuswellness.ca\/fr\/lorganisation-avec-pleine-conscience\/\">\r\n\t\t\t\t        \t\t\t\t            <img src=\"https:\/\/lotuswellness.ca\/wp-content\/uploads\/2021\/01\/close-up-data-flatlay-1018133-1280x800-1-250x170.png\" alt=\"\" class=\"img-fluid\">\r\n\t\t\t\t        \t\t\t\t        <\/a>\r\n\t\t\t\t    <\/div>\r\n\r\n\t\t\t\t    <div class=\"description-blog\">                          \r\n\t\t\t\t      \r\n\t\t\t\t        <div class=\"date\">Oct 15, 2019<\/div>\r\n\t\t\t\t        <a href=\"https:\/\/lotuswellness.ca\/fr\/lorganisation-avec-pleine-conscience\/\" class=\"blog-title\">\r\n\t\t\t\t            <h3>                                \r\n\t\t\t\t                L\u2019organisation avec pleine conscience\t\t\t\t            <\/h3>\r\n\t\t\t\t        <\/a>\r\n\r\n\t\t\t\t        <p>            \r\n\t\t\t\t            Bonjour tout le monde! C\u2019est tellement bon d\u2019avoir la chance de pouvoir connecter avec vous ici sur notre site d\u2019articles. Au cas o\u00f9 je n\u2019ai pas eu le &#8230;\t\t\t\t        <\/p>\r\n\t\t\t\t    <\/div>  \r\n\t\t\t\t<\/div>\r\n\t\t\t    \t\t\t\t<div class=\"slide\">\r\n\t\t\t\t    <div class=\"photo-blog\">\r\n\t\t\t\t        <a href=\"https:\/\/lotuswellness.ca\/fr\/le-sommeil\/\">\r\n\t\t\t\t        \t\t\t\t            <img src=\"https:\/\/lotuswellness.ca\/wp-content\/uploads\/2021\/01\/adult-attractive-beautiful-371109-1-1280x800-1-250x170.png\" alt=\"\" class=\"img-fluid\">\r\n\t\t\t\t        \t\t\t\t        <\/a>\r\n\t\t\t\t    <\/div>\r\n\r\n\t\t\t\t    <div class=\"description-blog\">                          \r\n\t\t\t\t      \r\n\t\t\t\t        <div class=\"date\">Avr 4, 2019<\/div>\r\n\t\t\t\t        <a href=\"https:\/\/lotuswellness.ca\/fr\/le-sommeil\/\" class=\"blog-title\">\r\n\t\t\t\t            <h3>                                \r\n\t\t\t\t                Le sommeil\t\t\t\t            <\/h3>\r\n\t\t\t\t        <\/a>\r\n\r\n\t\t\t\t        <p>            \r\n\t\t\t\t            Dormir peut \u00eatre un obstacle difficile \u00e0 surmonter pendant notre chemin vers une vie plus en sant\u00e9. Ici Val\u00e9rie, travailleuse sociale. La chronique d\u2019aujourd\u2019hui explorera le sommeil ainsi &#8230;\t\t\t\t        <\/p>\r\n\t\t\t\t    <\/div>  \r\n\t\t\t\t<\/div>\r\n\t\t\t    \t\t\t\t<div class=\"slide\">\r\n\t\t\t\t    <div class=\"photo-blog\">\r\n\t\t\t\t        <a href=\"https:\/\/lotuswellness.ca\/fr\/meditation\/\">\r\n\t\t\t\t        \t\t\t\t            <img src=\"https:\/\/lotuswellness.ca\/wp-content\/uploads\/2021\/01\/pexels-elly-fairytale-3822621-250x170.png\" alt=\"\" class=\"img-fluid\">\r\n\t\t\t\t        \t\t\t\t        <\/a>\r\n\t\t\t\t    <\/div>\r\n\r\n\t\t\t\t    <div class=\"description-blog\">                          \r\n\t\t\t\t      \r\n\t\t\t\t        <div class=\"date\">D\u00e9c 10, 2018<\/div>\r\n\t\t\t\t        <a href=\"https:\/\/lotuswellness.ca\/fr\/meditation\/\" class=\"blog-title\">\r\n\t\t\t\t            <h3>                                \r\n\t\t\t\t                La m\u00e9ditation\t\t\t\t            <\/h3>\r\n\t\t\t\t        <\/a>\r\n\r\n\t\t\t\t        <p>            \r\n\t\t\t\t            Bonjour! Mon nom est Nicole et je suis psychologue et propri\u00e9taire de Bien-\u00catre Lotus. L\u2019article d\u2019aujourd\u2019hui porte sur la m\u00e9ditation et comment celle-ci peut vous aider \u00e0 composer &#8230;\t\t\t\t        <\/p>\r\n\t\t\t\t    <\/div>  \r\n\t\t\t\t<\/div>\r\n\t\t\t    \t\t\t\t<div class=\"slide\">\r\n\t\t\t\t    <div class=\"photo-blog\">\r\n\t\t\t\t        <a href=\"https:\/\/lotuswellness.ca\/fr\/taking-care-of-ourselves-putting-ourselves-first\/\">\r\n\t\t\t\t        \t\t\t\t            <img src=\"https:\/\/lotuswellness.ca\/wp-content\/uploads\/2021\/01\/adult-beautiful-face-774866-1280x800-1-250x170.png\" alt=\"\" class=\"img-fluid\">\r\n\t\t\t\t        \t\t\t\t        <\/a>\r\n\t\t\t\t    <\/div>\r\n\r\n\t\t\t\t    <div class=\"description-blog\">                          \r\n\t\t\t\t      \r\n\t\t\t\t        <div class=\"date\">D\u00e9c 10, 2018<\/div>\r\n\t\t\t\t        <a href=\"https:\/\/lotuswellness.ca\/fr\/taking-care-of-ourselves-putting-ourselves-first\/\" class=\"blog-title\">\r\n\t\t\t\t            <h3>                                \r\n\t\t\t\t                Prendre soin de soi: Se donner la priorit\u00e9\t\t\t\t            <\/h3>\r\n\t\t\t\t        <\/a>\r\n\r\n\t\t\t\t        <p>            \r\n\t\t\t\t            Est-ce que j\u2019ai pris quelques minutes aujourd\u2019hui pour bien respirer profond\u00e9ment? Est-ce que j\u2019ai eu l\u2019occasion de laisser libre cours \u00e0 ma cr\u00e9ativit\u00e9? Est-ce que j\u2019ai rit de &#8230;\t\t\t\t        <\/p>\r\n\t\t\t\t    <\/div>  \r\n\t\t\t\t<\/div>\r\n\t\t\t    \t\t\t\t<div class=\"slide\">\r\n\t\t\t\t    <div class=\"photo-blog\">\r\n\t\t\t\t        <a href=\"https:\/\/lotuswellness.ca\/fr\/la-detente-en-cas-de-crise-un-outil-pour-vous-ramener-au-present-5-4-3-2-1\/\">\r\n\t\t\t\t        \t\t\t\t            <img src=\"https:\/\/lotuswellness.ca\/wp-content\/uploads\/2021\/01\/simon-migaj-Yui5vfKHuzs-unsplash-250x170.png\" alt=\"\" class=\"img-fluid\">\r\n\t\t\t\t        \t\t\t\t        <\/a>\r\n\t\t\t\t    <\/div>\r\n\r\n\t\t\t\t    <div class=\"description-blog\">                          \r\n\t\t\t\t      \r\n\t\t\t\t        <div class=\"date\">D\u00e9c 10, 2018<\/div>\r\n\t\t\t\t        <a href=\"https:\/\/lotuswellness.ca\/fr\/la-detente-en-cas-de-crise-un-outil-pour-vous-ramener-au-present-5-4-3-2-1\/\" class=\"blog-title\">\r\n\t\t\t\t            <h3>                                \r\n\t\t\t\t                La d\u00e9tente en cas de crise: Un outil pour vous ramener au pr\u00e9sent (5-4-3-2-1)\t\t\t\t            <\/h3>\r\n\t\t\t\t        <\/a>\r\n\r\n\t\t\t\t        <p>            \r\n\t\t\t\t            Une technique de d\u00e9tente en cas de crise est un outil qui vous aide \u00e0 rester dans le pr\u00e9sent. Je m\u2019appelle Val\u00e9rie et je suis travailleuse sociale. L\u2019article &#8230;\t\t\t\t        <\/p>\r\n\t\t\t\t    <\/div>  \r\n\t\t\t\t<\/div>\r\n\t\t\t    \t\t\t    \t\t\t<\/div>\r\n\r\n\t\t\t\t            \t<div class=\"button-bottom\">\r\n                <a href=\"\/fr\/chroniques\/\" target=\"_self\" class=\"btn btn-primary\">Voir Tous Les Chroniques<\/a>\r\n               <\/div>\r\n\r\n                                <\/div>\r\n\t<\/div>\r\n<\/div>","protected":false},"excerpt":{"rendered":"","protected":false},"author":2,"featured_media":0,"parent":0,"menu_order":0,"comment_status":"closed","ping_status":"closed","template":"","meta":{"_genesis_hide_title":false,"_genesis_hide_breadcrumbs":false,"_genesis_hide_singular_image":false,"_genesis_hide_footer_widgets":false,"_genesis_custom_body_class":"","_genesis_custom_post_class":"","_genesis_layout":""},"yoast_head":"<!-- This site is optimized with the Yoast SEO plugin v15.7 - https:\/\/yoast.com\/wordpress\/plugins\/seo\/ -->\n<title>Accueil - Lotus Wellness<\/title>\n<meta name=\"robots\" content=\"index, follow, max-snippet:-1, max-image-preview:large, max-video-preview:-1\" \/>\n<link rel=\"canonical\" href=\"https:\/\/lotuswellness.ca\/fr\/\" \/>\n<meta property=\"og:locale\" content=\"fr_FR\" \/>\n<meta property=\"og:type\" content=\"article\" \/>\n<meta property=\"og:title\" content=\"Accueil - Lotus Wellness\" \/>\n<meta property=\"og:url\" content=\"https:\/\/lotuswellness.ca\/fr\/\" \/>\n<meta property=\"og:site_name\" content=\"Lotus Wellness\" \/>\n<meta property=\"article:modified_time\" content=\"2021-12-11T18:34:22+00:00\" \/>\n<meta name=\"twitter:card\" content=\"summary_large_image\" \/>\n<script type=\"application\/ld+json\" class=\"yoast-schema-graph\">{\"@context\":\"https:\/\/schema.org\",\"@graph\":[{\"@type\":\"WebSite\",\"@id\":\"https:\/\/lotuswellness.ca\/#website\",\"url\":\"https:\/\/lotuswellness.ca\/\",\"name\":\"Lotus Wellness\",\"description\":\"A holistic approach to total wellness of the mind and body\",\"potentialAction\":[{\"@type\":\"SearchAction\",\"target\":\"https:\/\/lotuswellness.ca\/?s={search_term_string}\",\"query-input\":\"required name=search_term_string\"}],\"inLanguage\":\"fr-FR\"},{\"@type\":\"WebPage\",\"@id\":\"https:\/\/lotuswellness.ca\/fr\/#webpage\",\"url\":\"https:\/\/lotuswellness.ca\/fr\/\",\"name\":\"Accueil - Lotus Wellness\",\"isPartOf\":{\"@id\":\"https:\/\/lotuswellness.ca\/#website\"},\"datePublished\":\"2021-01-25T13:44:00+00:00\",\"dateModified\":\"2021-12-11T18:34:22+00:00\",\"inLanguage\":\"fr-FR\",\"potentialAction\":[{\"@type\":\"ReadAction\",\"target\":[\"https:\/\/lotuswellness.ca\/fr\/\"]}]}]}<\/script>\n<!-- \/ Yoast SEO plugin. -->","_links":{"self":[{"href":"https:\/\/lotuswellness.ca\/fr\/wp-json\/wp\/v2\/pages\/573"}],"collection":[{"href":"https:\/\/lotuswellness.ca\/fr\/wp-json\/wp\/v2\/pages"}],"about":[{"href":"https:\/\/lotuswellness.ca\/fr\/wp-json\/wp\/v2\/types\/page"}],"author":[{"embeddable":true,"href":"https:\/\/lotuswellness.ca\/fr\/wp-json\/wp\/v2\/users\/2"}],"replies":[{"embeddable":true,"href":"https:\/\/lotuswellness.ca\/fr\/wp-json\/wp\/v2\/comments?post=573"}],"version-history":[{"count":16,"href":"https:\/\/lotuswellness.ca\/fr\/wp-json\/wp\/v2\/pages\/573\/revisions"}],"predecessor-version":[{"id":1154,"href":"https:\/\/lotuswellness.ca\/fr\/wp-json\/wp\/v2\/pages\/573\/revisions\/1154"}],"wp:attachment":[{"href":"https:\/\/lotuswellness.ca\/fr\/wp-json\/wp\/v2\/media?parent=573"}],"curies":[{"name":"wp","href":"https:\/\/api.w.org\/{rel}","templated":true}]}}