{"id":597,"date":"2021-01-28T19:12:08","date_gmt":"2021-01-28T19:12:08","guid":{"rendered":"http:\/\/lotuswellness.wpengine.com\/counseling\/"},"modified":"2021-12-11T18:33:13","modified_gmt":"2021-12-11T18:33:13","slug":"therapie","status":"publish","type":"page","link":"https:\/\/lotuswellness.ca\/fr\/therapie\/","title":{"rendered":"Th\u00e9rapie"},"content":{"rendered":"\r\n\r\n\r\n\r\n\t        \t        \t\t        \t\t<section class=\"main-banner bg-white\" style=\"background-image: url('');\">\r\n        \t\t      \t\t\r\n\t<div class=\"container\">\r\n\t\t<div class=\"row\">\r\n              <div class=\"icon-lang black\">\r\n        <a class=\"wpml-ls-item\" href=\"https:\/\/lotuswellness.ca\">\r\n                en              <\/a>        <\/div>\r\n      \t\t\t        \t<div class=\"col-12 offset-0 col-md-8 offset-md-3\">\r\n      \t\t      \t\t      \t\t\t<div class=\"content-banner\">\r\n      \t\t\r\n\t\t\t\t\t\t\t        \t\t<h1>TH\u00c9RAPIE<\/h1>\r\n\t\t      \t\t\r\n\t\t      \t\t\r\n\t\t      \t\t\t       \t\t\t<div class=\"content-main\"><p>La th\u00e9rapie, c\u2019est le processus o\u00f9 vous rencontrez un une\/un th\u00e9rapeute\/ psychologue un-\u00e0-un, avec un partenaire, en famille ou en groupe et que vous travaillez ensemble \u00e0 am\u00e9liorer votre bien-\u00eatre. Ce processus peut varier d\u2019une personne \u00e0 une autre, et est souvent uniquement adapt\u00e9 \u00e0 vos besoins et exp\u00e9riences.<\/p>\n<p>Pendant le processus de th\u00e9rapie, votre psychologue va partager avec vous les outils et les habilet\u00e9s d\u2019adaptation qui vous aideront \u00e0 progresser et \u00e0 r\u00e9aliser des changements positifs dans votre vie.<\/p>\n<\/div>\r\n\t \t\t       \t\t \t\t       \t\r\n\t\t      \t\t                         <a href=\"https:\/\/bienetrelotus.janeapp.com\" target=\"_blank\" class=\"btn btn-primary\">R\u00e9servez Maintenant<\/a>\r\n\r\n                    \t\t\t\t<\/div>\r\n\t\t\t<\/div>\r\n\t\t<\/div>\r\n\t<\/div>\r\n<\/section>\r\n<!-- main-banner -->\r\n\n\n\n<section class=\"accordion-section\">\n    <div class=\"container\">\n        <div class=\"row\">\n            <div class=\"col-12 col-md-3\">\n                                    <h2 class=\"title\">Nos Services<\/h2>\n                            <\/div>\n            <div class=\"col-12 col-md-9\">\n                                <div class=\"accordion\" id=\"accordion\">\n                                <div class=\"card\">\n                    <div class=\"card-header\" id=\"head-1\">\n                                                    <a href=\"#\" class=\"collapsed\" type=\"button\" data-toggle=\"collapse\" data-target=\"#collapse-1\" aria-expanded=\"true\" aria-controls=\"collapse-1\">\n                                <h2>TH\u00c9RAPIE INDIVIDUELLE<\/h2>\n                                <i class=\"icon-plus\"><\/i>\n                            <\/a>\n                                            <\/div>\n                    <div id=\"collapse-1\" class=\"collapse\" aria-labelledby=\"head-1\" data-parent=\"#accordion\">\n                      <div class=\"card-body\">\n                                                      <p><strong>C\u2019EST QUOI, La th\u00e9rapie individuelle?<\/strong><\/p>\n<p>La th\u00e9rapie individuelle, c\u2019est le processus o\u00f9 vous rencontrez une th\u00e9rapeute\/ psychologue un-\u00e0-un et que vous travaillez ensemble \u00e0 am\u00e9liorer votre mieux-\u00eatre. Ce processus peut varier d\u2019une personne \u00e0 une autre, et est souvent uniquement adapt\u00e9 \u00e0 vos besoins et exp\u00e9riences.<\/p>\n<p>Pendant le processus de th\u00e9rapie, votre psychologue va partager avec vous les outils et les habilet\u00e9s d\u2019adaptation qui vous aideront \u00e0 progresser et \u00e0 r\u00e9aliser des changements positifs dans votre vie.<\/p>\n<p>Nous avons de l\u2019exp\u00e9rience dans une vari\u00e9t\u00e9 de probl\u00e9matiques pour lesquelles vous cherchez de l\u2019aide.<\/p>\n<p><strong>\u00c0 QUEL ENDROIT la th\u00e9rapie individuelle SE PASSE-T-ELLE?<\/strong><\/p>\n<p>La th\u00e9rapie se fait dans nos bureaux au centre-ville de\u00a0Bathurst au Nouveau-Brunswick, o\u00f9 nous nous effor\u00e7ons d\u2019offrir une atmosph\u00e8re calme et d\u00e9tendue pour nos clients. Ceci est con\u00e7u pour que vous vous sentez \u00e0 l\u2019aise et en s\u00e9curit\u00e9 lorsque vous partagez vos pens\u00e9es et vos sentiments en pleine confidentialit\u00e9.<\/p>\n<p><strong>COMMENT POURRAIS-JE SAVOIR SI J\u2019AI BESOIN OU SI JE SUIS PR\u00caT\/PR\u00caTE POUR une th\u00e9rapie individuelle?<\/strong><\/p>\n<p>G\u00e9n\u00e9ralement, un signe que vous ayez peut-\u00eatre besoin de th\u00e9rapie individuelle est que votre vie ou votre capacit\u00e9 de ressentir de la joie commence \u00e0 \u00eatre affect\u00e9 par une exp\u00e9rience, un sentiment ou un probl\u00e8me sur lequel vous aimeriez travailler.<\/p>\n<p>Chaque individu a une exp\u00e9rience unique en th\u00e9rapie, ce qui rend cette question un peu difficile \u00e0 r\u00e9pondre. Une partie du processus de th\u00e9rapie est l\u2019identification de vos besoins et ceci inclut si vous devrez continuer votre th\u00e9rapie ou non.<\/p>\n<p>Si vous ressentez de l\u2019anxi\u00e9t\u00e9 ou du stress dans votre vie, vous pourriez b\u00e9n\u00e9ficier de th\u00e9rapie. Par exemple, si vous \u00eates stress\u00e9\/stress\u00e9e par votre vie au travail, que vous ressentez souvent de la panique ou que votre humeur est beaucoup plus n\u00e9gative que d\u2019habitude, vous pourriez avoir besoin de th\u00e9rapie.<\/p>\n<p>Il peut \u00eatre tr\u00e8s difficile d\u2019identifier par soi-m\u00eame le besoin de venir consulter. Dans plusieurs cas, vous pourriez trouver plus facile de demander aux gens dans votre vie si votre comportement a chang\u00e9 derni\u00e8rement. Il n\u2019est pas n\u00e9cessaire d\u2019\u00eatre pr\u00eat\/pr\u00eate \u00e0 100% pour venir chercher de la th\u00e9rapie. Cependant, si vous \u00eates pr\u00eat\/pr\u00eate, vous \u00eates aussi pr\u00eat\/pr\u00eate \u00e0 travailler sur vous-m\u00eame. Vous pouvez vous poser les questions suivantes pour savoir si vous \u00eates pr\u00eat\/pr\u00eate pour de la th\u00e9rapie:<\/p>\n<ul>\n<li>Est-ce que ma vie va pr\u00e9sentement dans la direction que je d\u00e9sire?<\/li>\n<li>Est-ce que je suis pr\u00eat\/pr\u00eate \u00e0 faire des changements petit \u00e0 petit afin d\u2019am\u00e9liorer ma situation?<\/li>\n<li>Est-ce qu\u2019il y a quelque chose de sp\u00e9cifique \u00e0 ce moment qui me d\u00e9range?<\/li>\n<\/ul>\n<p><strong>QUI PEUT OBTENIR de la th\u00e9rapie individuelle?<\/strong><\/p>\n<p>Ici, \u00e0 Bien-\u00catre Lotus, nous voyons des individus de <span style=\"text-decoration: line-through;\">5<\/span> 16 ans et plus, de n\u2019importe quel milieu, race, classe et identit\u00e9 de genre, qu\u2019importe leur sant\u00e9 physique ou leurs habilet\u00e9s.<\/p>\n                                              <\/div>\n                    <\/div>\n                 <\/div>\n                                <div class=\"card\">\n                    <div class=\"card-header\" id=\"head-2\">\n                                                    <a href=\"#\" class=\"collapsed\" type=\"button\" data-toggle=\"collapse\" data-target=\"#collapse-2\" aria-expanded=\"true\" aria-controls=\"collapse-2\">\n                                <h2>TH\u00c9RAPIE DE COUPLE<\/h2>\n                                <i class=\"icon-plus\"><\/i>\n                            <\/a>\n                                            <\/div>\n                    <div id=\"collapse-2\" class=\"collapse\" aria-labelledby=\"head-2\" data-parent=\"#accordion\">\n                      <div class=\"card-body\">\n                                                      <p><strong>C\u2019EST QUOI, la th\u00e9rapie DE COUPLE?<\/strong><\/p>\n<p>La th\u00e9rapie de couple est un processus par lequel vous et votre partenaire intime rencontrez l\u2019une de nos psychologues ensemble dans un environnement compassionn\u00e9 et sans jugement. Ensemble, vous allez discuter d\u2019enjeux et de pr\u00e9occupations qui font surface dans votre relation.<\/p>\n<p>D\u00e9pendamment de vos besoins individuels et en tant que couple, ceci peut inclure l\u2019apprentissage de nouveaux outils de communication, de la r\u00e9solution de conflits et vous aider \u00e0 prendre des d\u00e9cisions vis-\u00e0-vis votre futur.<\/p>\n<p><strong>\u00c0 QUEL ENDROIT la th\u00e9rapie DE COUPLE SE PASSE-T-IL?<\/strong><\/p>\n<p>La th\u00e9rapie de couple se fait dans nos bureaux au centre-ville de\u00a0Bathurst au Nouveau-Brunswick, o\u00f9 nos psychologues vous \u00e9couterons dans une atmosph\u00e8re s\u00e9curitaire, calme et confidentielle.<\/p>\n<p><strong>COMMENT POURRAIS-JE SAVOIR SI J\u2019AI BESOIN OU SI JE SUIS PR\u00caT\/PR\u00caTE POUR de la th\u00e9rapie DE COUPLE?<\/strong><\/p>\n<p>Comme n\u2019importe quel type de th\u00e9rapie, vous \u00eates peut-\u00eatre pr\u00eat\/pr\u00eate si des aspects de votre relation commencent \u00e0 affecter votre vie au quotidien et le bonheur du couple.<\/p>\n<p>Si vous et votre partenaire intime ayez des probl\u00e8mes \u00e0 communiquer, un manque de confiance entre les partenaires de la relation, s\u2019il y a de la peur, de l\u2019appr\u00e9hension ou un doute, un manque d\u2019intimit\u00e9 ou si les arguments deviennent trop fr\u00e9quents, ce sont tous des signes d\u2019un besoin de th\u00e9rapie de couple.<\/p>\n<p>Posez-vous les questions suivantes afin de vous aider \u00e0 savoir si vous \u00eates pr\u00eat\/pr\u00eate pour de la th\u00e9rapie de couple:<\/p>\n<ul>\n<li>Est-ce que nous avons de la difficult\u00e9 \u00e0 communiquer de fa\u00e7on efficace?<\/li>\n<li>Est-ce qu\u2019il y a de la tension ou des inqui\u00e9tudes dans notre relation?<\/li>\n<li>Est-ce que nous sommes pr\u00eats\/pr\u00eates \u00e0 faire des changements pour am\u00e9liorer notre relation?<\/li>\n<\/ul>\n<p><strong>QUELS TYPES DE COUPLES PEUVENT RECEVOIR de la th\u00e9rapie DE COUPLE?<\/strong><\/p>\n<p>Il peut \u00eatre difficile d\u2019approcher le sujet de th\u00e9rapie avec votre partenaire intime. Soyez assurez que tous<span style=\"text-decoration: line-through;\">t<\/span> les couples sont la bienvenue \u00e0 Bien-\u00catre Lotus. Parfois, il se peut que ce soit acceptable que vous venez par vous-m\u00eame.<\/p>\n                                              <\/div>\n                    <\/div>\n                 <\/div>\n                                <\/div>\n                            <\/div>\n        <\/div>\n    <\/div>\n<\/section>\n<!-- accordion-section -->\n","protected":false},"excerpt":{"rendered":"","protected":false},"author":2,"featured_media":0,"parent":0,"menu_order":0,"comment_status":"closed","ping_status":"closed","template":"","meta":{"_genesis_hide_title":false,"_genesis_hide_breadcrumbs":false,"_genesis_hide_singular_image":false,"_genesis_hide_footer_widgets":false,"_genesis_custom_body_class":"","_genesis_custom_post_class":"","_genesis_layout":""},"yoast_head":"<!-- This site is optimized with the Yoast SEO plugin v15.7 - https:\/\/yoast.com\/wordpress\/plugins\/seo\/ -->\n<title>Th\u00e9rapie - Lotus Wellness<\/title>\n<meta name=\"robots\" content=\"index, follow, max-snippet:-1, max-image-preview:large, max-video-preview:-1\" \/>\n<link rel=\"canonical\" href=\"https:\/\/lotuswellness.ca\/fr\/therapie\/\" \/>\n<meta property=\"og:locale\" content=\"fr_FR\" \/>\n<meta property=\"og:type\" content=\"article\" \/>\n<meta property=\"og:title\" content=\"Th\u00e9rapie - Lotus Wellness\" \/>\n<meta property=\"og:url\" content=\"https:\/\/lotuswellness.ca\/fr\/therapie\/\" \/>\n<meta property=\"og:site_name\" content=\"Lotus Wellness\" \/>\n<meta property=\"article:modified_time\" content=\"2021-12-11T18:33:13+00:00\" \/>\n<meta name=\"twitter:card\" content=\"summary_large_image\" \/>\n<script type=\"application\/ld+json\" class=\"yoast-schema-graph\">{\"@context\":\"https:\/\/schema.org\",\"@graph\":[{\"@type\":\"WebSite\",\"@id\":\"https:\/\/lotuswellness.ca\/#website\",\"url\":\"https:\/\/lotuswellness.ca\/\",\"name\":\"Lotus Wellness\",\"description\":\"A holistic approach to total wellness of the mind and body\",\"potentialAction\":[{\"@type\":\"SearchAction\",\"target\":\"https:\/\/lotuswellness.ca\/?s={search_term_string}\",\"query-input\":\"required name=search_term_string\"}],\"inLanguage\":\"fr-FR\"},{\"@type\":\"WebPage\",\"@id\":\"https:\/\/lotuswellness.ca\/fr\/therapie\/#webpage\",\"url\":\"https:\/\/lotuswellness.ca\/fr\/therapie\/\",\"name\":\"Th\\u00e9rapie - Lotus Wellness\",\"isPartOf\":{\"@id\":\"https:\/\/lotuswellness.ca\/#website\"},\"datePublished\":\"2021-01-28T19:12:08+00:00\",\"dateModified\":\"2021-12-11T18:33:13+00:00\",\"inLanguage\":\"fr-FR\",\"potentialAction\":[{\"@type\":\"ReadAction\",\"target\":[\"https:\/\/lotuswellness.ca\/fr\/therapie\/\"]}]}]}<\/script>\n<!-- \/ Yoast SEO plugin. -->","_links":{"self":[{"href":"https:\/\/lotuswellness.ca\/fr\/wp-json\/wp\/v2\/pages\/597"}],"collection":[{"href":"https:\/\/lotuswellness.ca\/fr\/wp-json\/wp\/v2\/pages"}],"about":[{"href":"https:\/\/lotuswellness.ca\/fr\/wp-json\/wp\/v2\/types\/page"}],"author":[{"embeddable":true,"href":"https:\/\/lotuswellness.ca\/fr\/wp-json\/wp\/v2\/users\/2"}],"replies":[{"embeddable":true,"href":"https:\/\/lotuswellness.ca\/fr\/wp-json\/wp\/v2\/comments?post=597"}],"version-history":[{"count":17,"href":"https:\/\/lotuswellness.ca\/fr\/wp-json\/wp\/v2\/pages\/597\/revisions"}],"predecessor-version":[{"id":1152,"href":"https:\/\/lotuswellness.ca\/fr\/wp-json\/wp\/v2\/pages\/597\/revisions\/1152"}],"wp:attachment":[{"href":"https:\/\/lotuswellness.ca\/fr\/wp-json\/wp\/v2\/media?parent=597"}],"curies":[{"name":"wp","href":"https:\/\/api.w.org\/{rel}","templated":true}]}}